{"id":685,"date":"2023-11-19T18:00:09","date_gmt":"2023-11-19T17:00:09","guid":{"rendered":"https:\/\/www.connexmonetique.fr\/terms-of-use\/"},"modified":"2024-07-04T16:04:07","modified_gmt":"2024-07-04T14:04:07","slug":"terms-of-use","status":"publish","type":"page","link":"https:\/\/www.connexmonetique.fr\/en\/terms-of-use\/","title":{"rendered":"Terms of use"},"content":{"rendered":"<style>.elementor-685 .elementor-element.elementor-element-23595b9{--display:flex;}<\/style>\t\t<div data-elementor-type=\"wp-page\" data-elementor-id=\"685\" class=\"elementor elementor-685 elementor-5\" data-elementor-post-type=\"page\">\n\t\t\t\t<div class=\"elementor-element elementor-element-23595b9 e-flex e-con-boxed e-con e-parent\" data-id=\"23595b9\" data-element_type=\"container\" data-e-type=\"container\">\n\t\t\t\t\t<div class=\"e-con-inner\">\n\t\t\t\t<div class=\"elementor-element elementor-element-b13cda9 elementor-widget elementor-widget-text-editor\" data-id=\"b13cda9\" data-element_type=\"widget\" data-e-type=\"widget\" data-widget_type=\"text-editor.default\">\n\t\t\t\t<div class=\"elementor-widget-container\">\n\t\t\t\t\t\t\t\t\t<h2>Site editing<\/h2>\n<p>In accordance with the provisions of French law no. 2004-575 of June 21, 2004 on confidence in the digital economy, users of the Connex monetique website are hereby informed of the following. the identity of the various parties involved in its implementation and follow-up.<\/p>\n<h2>Site editing<\/h2>\n<p>This site, accessible at the URL https:\/\/www.connex-monetique.fr\/ (the &#8220;Site&#8221;), is published by :<\/p>\n<p><a style=\"color:#274bc4;\" href=\"http:\/\/gogency.fr\" target=\"_blank\" rel=\"noopener\">Gogency<\/a>, a company with capital of 4510 euros, registered with the R.C.S. of NANTES under number B 847 739 737, whose registered office is located at 1 Chem. de la Chatterie 44800 SAINT-HERBLAIN, represented by Paul Gourdonneau, duly authorized.<\/p>\n<p>The publisher&#8217;s individual VAT number is: FR85847739737.<\/p>\n<h2>Hosting<\/h2>\n<p>The Site is hosted by Infomaniak Network SA, located at Rue Eug\u00e8ne Marziano 25 1227 Les Acacias (GE), (telephone contact or e-mail: https:\/\/www.infomaniak.com\/fr\/aide).<\/p>\n<h2>Publishing Director<\/h2>\n<p>The Site&#8217;s Publishing Director is Jean-Philippe Calveyrac  \n.<\/p>\n<h2>Contact us<\/h2>\n<p>By phone: +594594312699<\/p>\n<p>By email: contact@connexmonetique.fr  <\/p>\n<p>By post: R\u00e9sidence Macoupi, 6 all\u00e9e de l&#8217;Universit\u00e9 Yale, 97300 Cayenne  \n<\/p>\n<h2>Personal data<\/h2>\n<p>The processing of your personal data is governed by our Privacy Charter, available from the &#8220;Personal Data Protection Charter&#8221; section, in accordance with the General Data Protection Regulation 2016\/679 of April 27, 2016 (&#8220;GDPR&#8221;).<\/p>\n<h2>Establishment SIRET no. :<\/h2>\n<p>  84339439600025  <\/p>\n\t\t\t\t\t\t\t\t<\/div>\n\t\t\t\t<\/div>\n\t\t\t\t\t<\/div>\n\t\t\t\t<\/div>\n\t\t\t\t<\/div>\n\t\t","protected":false},"excerpt":{"rendered":"<p>Site editing In accordance with the provisions of French law no. 2004-575 of June 21, 2004 on confidence in the digital economy, users of the Connex monetique website are hereby informed of the following. the identity of the various parties involved in its implementation and follow-up. Site editing This site, accessible at the URL https:\/\/www.connex-monetique.fr\/ [&hellip;]<\/p>\n","protected":false},"author":1,"featured_media":0,"parent":0,"menu_order":0,"comment_status":"closed","ping_status":"closed","template":"","meta":{"footnotes":""},"class_list":["post-685","page","type-page","status-publish","hentry"],"_links":{"self":[{"href":"https:\/\/www.connexmonetique.fr\/en\/wp-json\/wp\/v2\/pages\/685","targetHints":{"allow":["GET"]}}],"collection":[{"href":"https:\/\/www.connexmonetique.fr\/en\/wp-json\/wp\/v2\/pages"}],"about":[{"href":"https:\/\/www.connexmonetique.fr\/en\/wp-json\/wp\/v2\/types\/page"}],"author":[{"embeddable":true,"href":"https:\/\/www.connexmonetique.fr\/en\/wp-json\/wp\/v2\/users\/1"}],"replies":[{"embeddable":true,"href":"https:\/\/www.connexmonetique.fr\/en\/wp-json\/wp\/v2\/comments?post=685"}],"version-history":[{"count":1,"href":"https:\/\/www.connexmonetique.fr\/en\/wp-json\/wp\/v2\/pages\/685\/revisions"}],"predecessor-version":[{"id":687,"href":"https:\/\/www.connexmonetique.fr\/en\/wp-json\/wp\/v2\/pages\/685\/revisions\/687"}],"wp:attachment":[{"href":"https:\/\/www.connexmonetique.fr\/en\/wp-json\/wp\/v2\/media?parent=685"}],"curies":[{"name":"wp","href":"https:\/\/api.w.org\/{rel}","templated":true}]}}