{"id":689,"date":"2023-11-19T18:00:09","date_gmt":"2023-11-19T17:00:09","guid":{"rendered":"https:\/\/www.connexmonetique.fr\/%d8%a7%d9%84%d9%85%d8%b9%d9%84%d9%88%d9%85%d8%a7%d8%aa-%d8%a7%d9%84%d9%82%d8%a7%d9%86%d9%88%d9%86%d9%8a%d8%a9\/"},"modified":"2024-07-04T16:04:07","modified_gmt":"2024-07-04T14:04:07","slug":"%d8%a7%d9%84%d9%85%d8%b9%d9%84%d9%88%d9%85%d8%a7%d8%aa-%d8%a7%d9%84%d9%82%d8%a7%d9%86%d9%88%d9%86%d9%8a%d8%a9","status":"publish","type":"page","link":"https:\/\/www.connexmonetique.fr\/ar\/%d8%a7%d9%84%d9%85%d8%b9%d9%84%d9%88%d9%85%d8%a7%d8%aa-%d8%a7%d9%84%d9%82%d8%a7%d9%86%d9%88%d9%86%d9%8a%d8%a9\/","title":{"rendered":"\u0627\u0644\u0645\u0639\u0644\u0648\u0645\u0627\u062a \u0627\u0644\u0642\u0627\u0646\u0648\u0646\u064a\u0629"},"content":{"rendered":"<style>.elementor-689 .elementor-element.elementor-element-23595b9{--display:flex;}<\/style>\t\t<div data-elementor-type=\"wp-page\" data-elementor-id=\"689\" class=\"elementor elementor-689 elementor-5\" data-elementor-post-type=\"page\">\n\t\t\t\t<div class=\"elementor-element elementor-element-23595b9 e-flex e-con-boxed e-con e-parent\" data-id=\"23595b9\" data-element_type=\"container\" data-e-type=\"container\">\n\t\t\t\t\t<div class=\"e-con-inner\">\n\t\t\t\t<div class=\"elementor-element elementor-element-b13cda9 elementor-widget elementor-widget-text-editor\" data-id=\"b13cda9\" data-element_type=\"widget\" data-e-type=\"widget\" data-widget_type=\"text-editor.default\">\n\t\t\t\t<div class=\"elementor-widget-container\">\n\t\t\t\t\t\t\t\t\t<h2>\u062a\u062d\u0631\u064a\u0631 \u0627\u0644\u0645\u0648\u0642\u0639<\/h2>\n<p>\u0648\u0641\u0642\u064b\u0627 \u0644\u0623\u062d\u0643\u0627\u0645 \u0627\u0644\u0642\u0627\u0646\u0648\u0646 \u0631\u0642\u0645 2004-575 \u0627\u0644\u0645\u0624\u0631\u062e 21 \u064a\u0648\u0646\u064a\u0648 2004 \u0628\u0634\u0623\u0646 \u0627\u0644\u062b\u0642\u0629 \u0641\u064a \u0627\u0644\u0627\u0642\u062a\u0635\u0627\u062f \u0627\u0644\u0631\u0642\u0645\u064a\u060c \u064a\u064f\u0639\u0644\u0645 \u0645\u0633\u062a\u062e\u062f\u0645\u0648 \u0645\u0648\u0642\u0639 Connex monetique \u0627\u0644\u0625\u0644\u0643\u062a\u0631\u0648\u0646\u064a \u0628\u0645\u0627 \u064a\u0644\u064a. \u0647\u0648\u064a\u0629 \u0645\u062e\u062a\u0644\u0641 \u0627\u0644\u0623\u0637\u0631\u0627\u0641 \u0627\u0644\u0645\u0634\u0627\u0631\u0643\u0629 \u0641\u064a \u062a\u0646\u0641\u064a\u0630\u0647 \u0648\u0645\u0631\u0627\u0642\u0628\u062a\u0647.<\/p>\n<h2>\u062a\u062d\u0631\u064a\u0631 \u0627\u0644\u0645\u0648\u0642\u0639<\/h2>\n<p>\u064a\u062a\u0645 \u0646\u0634\u0631 \u0647\u0630\u0627 \u0627\u0644\u0645\u0648\u0642\u0639\u060c \u0627\u0644\u0630\u064a \u064a\u0645\u0643\u0646 \u0627\u0644\u0648\u0635\u0648\u0644 \u0625\u0644\u064a\u0647 \u0639\u0644\u0649 \u0639\u0646\u0648\u0627\u0646 URL https:\/\/www.connex-monetique.fr\/ (&#8220;\u0627\u0644\u0645\u0648\u0642\u0639&#8221;)\u060c \u0628\u0648\u0627\u0633\u0637\u0629 :<\/p>\n<p><a style=\"color:#274bc4;\" href=\"http:\/\/gogency.fr\" target=\"_blank\" rel=\"noopener\">Gogency\u060c<\/a> \u0648\u0647\u064a \u0634\u0631\u0643\u0629 \u0628\u0631\u0623\u0633\u0645\u0627\u0644 \u0642\u062f\u0631\u0647 4510 \u064a\u0648\u0631\u0648\u060c \u0645\u0633\u062c\u0644\u0629 \u0641\u064a \u0627\u0644\u0633\u062c\u0644 \u0627\u0644\u062a\u062c\u0627\u0631\u064a \u0648\u0627\u0644\u0634\u0631\u0643\u0627\u062a \u0641\u064a \u0646\u0627\u0646\u062a\u0633 \u062a\u062d\u062a \u0631\u0642\u0645 B 847 739 737 B 847 739 737\u060c \u0648\u0645\u0643\u062a\u0628\u0647\u0627 \u0627\u0644\u0645\u0633\u062c\u0644 \u0641\u064a 1 Chem. de la Chatterie 44800 SAINT-HERBLAIN\u060c \u0648\u064a\u0645\u062b\u0644\u0647 \u0628\u0648\u0644 \u063a\u0648\u0631\u062f\u0648\u0646\u0648\u060c \u0627\u0644\u0645\u0641\u0648\u0636 \u062d\u0633\u0628 \u0627\u0644\u0623\u0635\u0648\u0644<\/p>\n<p>\u0631\u0642\u0645 \u0636\u0631\u064a\u0628\u0629 \u0627\u0644\u0642\u064a\u0645\u0629 \u0627\u0644\u0645\u0636\u0627\u0641\u0629 \u0627\u0644\u0641\u0631\u062f\u064a \u0644\u0644\u0646\u0627\u0634\u0631 \u0647\u0648: FR8584777739737.<\/p>\n<h2>\u0627\u0644\u0627\u0633\u062a\u0636\u0627\u0641\u0629<\/h2>\n<p>\u064a\u062a\u0645 \u0627\u0633\u062a\u0636\u0627\u0641\u0629 \u0627\u0644\u0645\u0648\u0642\u0639 \u0645\u0646 \u0642\u0628\u0644 \u0634\u0628\u0643\u0629 \u0625\u0646\u0641\u0648\u0645\u0627\u0646\u064a\u0627\u0643 \u0634.\u0645.\u0645\u060c \u0648\u0645\u0642\u0631\u0647\u0627 \u0641\u064a \u0634\u0627\u0631\u0639 \u0623\u0648\u062c\u064a\u0646 \u0645\u0627\u0631\u0632\u064a\u0627\u0646\u0648 25 1227 \u0644\u064a\u0647 \u0623\u0643\u0627\u0633\u064a\u0627\u0633 (GE)\u060c (\u0627\u0644\u0627\u062a\u0635\u0627\u0644 \u0627\u0644\u0647\u0627\u062a\u0641\u064a \u0623\u0648 \u0627\u0644\u0628\u0631\u064a\u062f \u0627\u0644\u0625\u0644\u0643\u062a\u0631\u0648\u0646\u064a: https:\/\/www.infomaniak.com\/fr\/aide).<\/p>\n<h2>\u0645\u062f\u064a\u0631 \u0627\u0644\u0646\u0634\u0631<\/h2>\n<p>\u0645\u062f\u064a\u0631 \u0627\u0644\u0646\u0634\u0631 \u0641\u064a \u0627\u0644\u0645\u0648\u0642\u0639 \u0647\u0648 \u062c\u0627\u0646 \u0641\u064a\u0644\u064a\u0628 \u0643\u0627\u0644\u0641\u064a\u064a\u0631\u0627\u0643  \n.<\/p>\n<h2>\u0627\u062a\u0635\u0644 \u0628\u0646\u0627<\/h2>\n<p>\u0639\u0646 \u0637\u0631\u064a\u0642 \u0627\u0644\u0647\u0627\u062a\u0641: +594594312699<\/p>\n<p>\u0639\u0646 \u0637\u0631\u064a\u0642 \u0627\u0644\u0628\u0631\u064a\u062f \u0627\u0644\u0625\u0644\u0643\u062a\u0631\u0648\u0646\u064a: contact@connexmonetique.fr  <\/p>\n<p>\u0639\u0646 \u0637\u0631\u064a\u0642 \u0627\u0644\u0628\u0631\u064a\u062f: R\u00e9sidence Macoupi, 6 all\u00e9e de l&#8217;Universit\u00e9 Yale, 97300 Cayenne  \n<\/p>\n<h2>\u0627\u0644\u0628\u064a\u0627\u0646\u0627\u062a \u0627\u0644\u0634\u062e\u0635\u064a\u0629<\/h2>\n<p>\u062a\u062e\u0636\u0639 \u0645\u0639\u0627\u0644\u062c\u0629 \u0628\u064a\u0627\u0646\u0627\u062a\u0643 \u0627\u0644\u0634\u062e\u0635\u064a\u0629 \u0644\u0645\u064a\u062b\u0627\u0642 \u0627\u0644\u062e\u0635\u0648\u0635\u064a\u0629 \u0627\u0644\u062e\u0627\u0635 \u0628\u0646\u0627\u060c \u0627\u0644\u0645\u062a\u0627\u062d \u0645\u0646 \u0642\u0633\u0645 &#8220;\u0645\u064a\u062b\u0627\u0642 \u062d\u0645\u0627\u064a\u0629 \u0627\u0644\u0628\u064a\u0627\u0646\u0627\u062a \u0627\u0644\u0634\u062e\u0635\u064a\u0629&#8221;\u060c \u0648\u0641\u0642\u064b\u0627 \u0644\u0644\u0627\u0626\u062d\u0629 \u0627\u0644\u0639\u0627\u0645\u0629 \u0644\u062d\u0645\u0627\u064a\u0629 \u0627\u0644\u0628\u064a\u0627\u0646\u0627\u062a 2016\/679 \u0627\u0644\u0645\u0624\u0631\u062e\u0629 27 \u0623\u0628\u0631\u064a\u0644 2016 (&#8220;GDPR&#8221;).<\/p>\n<h2>\u0631\u0642\u0645 SIRET \u0631\u0642\u0645 \u0627\u0644\u0645\u0646\u0634\u0623\u0629 :<\/h2>\n<p>  84339439600025  <\/p>\n\t\t\t\t\t\t\t\t<\/div>\n\t\t\t\t<\/div>\n\t\t\t\t\t<\/div>\n\t\t\t\t<\/div>\n\t\t\t\t<\/div>\n\t\t","protected":false},"excerpt":{"rendered":"<p>\u062a\u062d\u0631\u064a\u0631 \u0627\u0644\u0645\u0648\u0642\u0639 \u0648\u0641\u0642\u064b\u0627 \u0644\u0623\u062d\u0643\u0627\u0645 \u0627\u0644\u0642\u0627\u0646\u0648\u0646 \u0631\u0642\u0645 2004-575 \u0627\u0644\u0645\u0624\u0631\u062e 21 \u064a\u0648\u0646\u064a\u0648 2004 \u0628\u0634\u0623\u0646 \u0627\u0644\u062b\u0642\u0629 \u0641\u064a \u0627\u0644\u0627\u0642\u062a\u0635\u0627\u062f \u0627\u0644\u0631\u0642\u0645\u064a\u060c \u064a\u064f\u0639\u0644\u0645 \u0645\u0633\u062a\u062e\u062f\u0645\u0648 \u0645\u0648\u0642\u0639 Connex monetique \u0627\u0644\u0625\u0644\u0643\u062a\u0631\u0648\u0646\u064a \u0628\u0645\u0627 \u064a\u0644\u064a. \u0647\u0648\u064a\u0629 \u0645\u062e\u062a\u0644\u0641 \u0627\u0644\u0623\u0637\u0631\u0627\u0641 \u0627\u0644\u0645\u0634\u0627\u0631\u0643\u0629 \u0641\u064a \u062a\u0646\u0641\u064a\u0630\u0647 \u0648\u0645\u0631\u0627\u0642\u0628\u062a\u0647. \u062a\u062d\u0631\u064a\u0631 \u0627\u0644\u0645\u0648\u0642\u0639 \u064a\u062a\u0645 \u0646\u0634\u0631 \u0647\u0630\u0627 \u0627\u0644\u0645\u0648\u0642\u0639\u060c \u0627\u0644\u0630\u064a \u064a\u0645\u0643\u0646 \u0627\u0644\u0648\u0635\u0648\u0644 \u0625\u0644\u064a\u0647 \u0639\u0644\u0649 \u0639\u0646\u0648\u0627\u0646 URL https:\/\/www.connex-monetique.fr\/ (&#8220;\u0627\u0644\u0645\u0648\u0642\u0639&#8221;)\u060c \u0628\u0648\u0627\u0633\u0637\u0629 : Gogency\u060c \u0648\u0647\u064a \u0634\u0631\u0643\u0629 \u0628\u0631\u0623\u0633\u0645\u0627\u0644 \u0642\u062f\u0631\u0647 4510 \u064a\u0648\u0631\u0648\u060c [&hellip;]<\/p>\n","protected":false},"author":1,"featured_media":0,"parent":0,"menu_order":0,"comment_status":"closed","ping_status":"closed","template":"","meta":{"footnotes":""},"class_list":["post-689","page","type-page","status-publish","hentry"],"_links":{"self":[{"href":"https:\/\/www.connexmonetique.fr\/ar\/wp-json\/wp\/v2\/pages\/689","targetHints":{"allow":["GET"]}}],"collection":[{"href":"https:\/\/www.connexmonetique.fr\/ar\/wp-json\/wp\/v2\/pages"}],"about":[{"href":"https:\/\/www.connexmonetique.fr\/ar\/wp-json\/wp\/v2\/types\/page"}],"author":[{"embeddable":true,"href":"https:\/\/www.connexmonetique.fr\/ar\/wp-json\/wp\/v2\/users\/1"}],"replies":[{"embeddable":true,"href":"https:\/\/www.connexmonetique.fr\/ar\/wp-json\/wp\/v2\/comments?post=689"}],"version-history":[{"count":1,"href":"https:\/\/www.connexmonetique.fr\/ar\/wp-json\/wp\/v2\/pages\/689\/revisions"}],"predecessor-version":[{"id":691,"href":"https:\/\/www.connexmonetique.fr\/ar\/wp-json\/wp\/v2\/pages\/689\/revisions\/691"}],"wp:attachment":[{"href":"https:\/\/www.connexmonetique.fr\/ar\/wp-json\/wp\/v2\/media?parent=689"}],"curies":[{"name":"wp","href":"https:\/\/api.w.org\/{rel}","templated":true}]}}